{"id":5597,"date":"2023-07-23T08:04:03","date_gmt":"2023-07-23T08:04:03","guid":{"rendered":"https:\/\/axiainvestments.com\/financial-news\/"},"modified":"2023-12-22T13:51:01","modified_gmt":"2023-12-22T13:51:01","slug":"financial-news","status":"publish","type":"page","link":"https:\/\/axiainvestments.com\/pt-br\/financial-news\/","title":{"rendered":"Financial News"},"content":{"rendered":"\t\t<div data-elementor-type=\"wp-page\" data-elementor-id=\"5597\" class=\"elementor elementor-5597 elementor-2387\" data-elementor-post-type=\"page\">\n\t\t\t\t\t\t<section class=\"elementor-section elementor-top-section elementor-element elementor-element-f2cdeb0 elementor-section-height-min-height elementor-section-full_width elementor-section-items-stretch elementor-hidden-tablet elementor-hidden-mobile elementor-section-height-default\" data-id=\"f2cdeb0\" data-element_type=\"section\" data-settings=\"{&quot;background_background&quot;:&quot;classic&quot;}\">\n\t\t\t\t\t\t<div class=\"elementor-container elementor-column-gap-default\">\n\t\t\t\t\t<div class=\"elementor-column elementor-col-100 elementor-top-column elementor-element elementor-element-c80722c\" data-id=\"c80722c\" data-element_type=\"column\" data-settings=\"{&quot;background_background&quot;:&quot;classic&quot;}\">\n\t\t\t<div class=\"elementor-widget-wrap elementor-element-populated\">\n\t\t\t\t\t<div class=\"elementor-background-overlay\"><\/div>\n\t\t\t\t\t\t<div class=\"elementor-element elementor-element-0f2d784 elementor-widget elementor-widget-spacer\" data-id=\"0f2d784\" data-element_type=\"widget\" data-widget_type=\"spacer.default\">\n\t\t\t\t<div class=\"elementor-widget-container\">\n\t\t\t\t\t\t\t<div class=\"elementor-spacer\">\n\t\t\t<div class=\"elementor-spacer-inner\"><\/div>\n\t\t<\/div>\n\t\t\t\t\t\t<\/div>\n\t\t\t\t<\/div>\n\t\t\t\t<div class=\"elementor-element elementor-element-6508b54 elementor-widget elementor-widget-heading\" data-id=\"6508b54\" data-element_type=\"widget\" data-widget_type=\"heading.default\">\n\t\t\t\t<div class=\"elementor-widget-container\">\n\t\t\t\t\t<h2 class=\"elementor-heading-title elementor-size-default\">NOT\u00cdCIAS FINANCEIRAS<\/h2>\t\t\t\t<\/div>\n\t\t\t\t<\/div>\n\t\t\t\t<div class=\"elementor-element elementor-element-cefc274 elementor-widget elementor-widget-heading\" data-id=\"cefc274\" data-element_type=\"widget\" data-widget_type=\"heading.default\">\n\t\t\t\t<div class=\"elementor-widget-container\">\n\t\t\t\t\t<h2 class=\"elementor-heading-title elementor-size-default\">ENTRE NOS MERCADOS COM AS MELHORES CONDI\u00c7\u00d5ES DE NEGOCIA\u00c7\u00c3O!<\/h2>\t\t\t\t<\/div>\n\t\t\t\t<\/div>\n\t\t\t\t<div class=\"elementor-element elementor-element-318ee13 elementor-widget elementor-widget-text-editor\" data-id=\"318ee13\" data-element_type=\"widget\" data-widget_type=\"text-editor.default\">\n\t\t\t\t<div class=\"elementor-widget-container\">\n\t\t\t\t\t\t\t\t\t<div class=\"ewa-rteLine\">Encontre not\u00edcias financeiras di\u00e1rias e as \u00faltimas actualiza\u00e7\u00f5es que podem afetar as suas finan\u00e7as, investimentos, poupan\u00e7as e sa\u00fade financeira aqui com a Axia. Obtenha uma cobertura completa dos mercados globais e informa\u00e7\u00f5es em tempo real para aproveitar o maior n\u00famero poss\u00edvel de oportunidades.<\/div><div class=\"ewa-rteLine\">\u00a0<\/div>\t\t\t\t\t\t\t\t<\/div>\n\t\t\t\t<\/div>\n\t\t\t\t<div class=\"elementor-element elementor-element-dbf3ee4 elementor-widget elementor-widget-spacer\" data-id=\"dbf3ee4\" data-element_type=\"widget\" data-widget_type=\"spacer.default\">\n\t\t\t\t<div class=\"elementor-widget-container\">\n\t\t\t\t\t\t\t<div class=\"elementor-spacer\">\n\t\t\t<div class=\"elementor-spacer-inner\"><\/div>\n\t\t<\/div>\n\t\t\t\t\t\t<\/div>\n\t\t\t\t<\/div>\n\t\t\t\t\t<\/div>\n\t\t<\/div>\n\t\t\t\t\t<\/div>\n\t\t<\/section>\n\t\t\t\t<section class=\"elementor-section elementor-top-section elementor-element elementor-element-1146694 elementor-hidden-desktop elementor-section-boxed elementor-section-height-default elementor-section-height-default\" data-id=\"1146694\" data-element_type=\"section\">\n\t\t\t\t\t\t<div class=\"elementor-container elementor-column-gap-default\">\n\t\t\t\t\t<div class=\"elementor-column elementor-col-100 elementor-top-column elementor-element elementor-element-acb0df2\" data-id=\"acb0df2\" data-element_type=\"column\" data-settings=\"{&quot;background_background&quot;:&quot;classic&quot;}\">\n\t\t\t<div class=\"elementor-widget-wrap elementor-element-populated\">\n\t\t\t\t\t\t<div class=\"elementor-element elementor-element-4b95777 elementor-widget elementor-widget-heading\" data-id=\"4b95777\" data-element_type=\"widget\" data-widget_type=\"heading.default\">\n\t\t\t\t<div class=\"elementor-widget-container\">\n\t\t\t\t\t<h2 class=\"elementor-heading-title elementor-size-default\">NOT\u00cdCIAS FINANCEIRAS<\/h2>\t\t\t\t<\/div>\n\t\t\t\t<\/div>\n\t\t\t\t\t<\/div>\n\t\t<\/div>\n\t\t\t\t\t<\/div>\n\t\t<\/section>\n\t\t\t\t<section class=\"elementor-section elementor-top-section elementor-element elementor-element-0a88395 elementor-hidden-desktop elementor-section-boxed elementor-section-height-default elementor-section-height-default\" data-id=\"0a88395\" data-element_type=\"section\">\n\t\t\t\t\t\t<div class=\"elementor-container elementor-column-gap-default\">\n\t\t\t\t\t<div class=\"elementor-column elementor-col-100 elementor-top-column elementor-element elementor-element-5ea781e\" data-id=\"5ea781e\" data-element_type=\"column\">\n\t\t\t<div class=\"elementor-widget-wrap elementor-element-populated\">\n\t\t\t\t\t\t<div class=\"elementor-element elementor-element-4dd4e1d elementor-widget elementor-widget-heading\" data-id=\"4dd4e1d\" data-element_type=\"widget\" data-widget_type=\"heading.default\">\n\t\t\t\t<div class=\"elementor-widget-container\">\n\t\t\t\t\t<h2 class=\"elementor-heading-title elementor-size-default\">ENTRE NOS MERCADOS COM AS MELHORES CONDI\u00c7\u00d5ES DE NEGOCIA\u00c7\u00c3O!<\/h2>\t\t\t\t<\/div>\n\t\t\t\t<\/div>\n\t\t\t\t<div class=\"elementor-element elementor-element-43e83d8 elementor-widget elementor-widget-text-editor\" data-id=\"43e83d8\" data-element_type=\"widget\" data-widget_type=\"text-editor.default\">\n\t\t\t\t<div class=\"elementor-widget-container\">\n\t\t\t\t\t\t\t\t\t<div class=\"ewa-rteLine\">Encontre not\u00edcias financeiras di\u00e1rias e as \u00faltimas actualiza\u00e7\u00f5es que podem afetar as suas finan\u00e7as, investimentos, poupan\u00e7as e sa\u00fade financeira aqui com a Axia. Obtenha uma cobertura completa dos mercados globais e informa\u00e7\u00f5es em tempo real para aproveitar o maior n\u00famero poss\u00edvel de oportunidades.<\/div><div class=\"ewa-rteLine\">\u00a0<\/div>\t\t\t\t\t\t\t\t<\/div>\n\t\t\t\t<\/div>\n\t\t\t\t\t<\/div>\n\t\t<\/div>\n\t\t\t\t\t<\/div>\n\t\t<\/section>\n\t\t\t\t<section class=\"elementor-section elementor-top-section elementor-element elementor-element-6ad3ad9 elementor-section-full_width elementor-section-height-default elementor-section-height-default\" data-id=\"6ad3ad9\" data-element_type=\"section\">\n\t\t\t\t\t\t<div class=\"elementor-container elementor-column-gap-default\">\n\t\t\t\t\t<div class=\"elementor-column elementor-col-100 elementor-top-column elementor-element elementor-element-9a81579\" data-id=\"9a81579\" data-element_type=\"column\">\n\t\t\t<div class=\"elementor-widget-wrap elementor-element-populated\">\n\t\t\t\t\t\t<div class=\"elementor-element elementor-element-8df4603 elementor-widget elementor-widget-html\" data-id=\"8df4603\" data-element_type=\"widget\" data-widget_type=\"html.default\">\n\t\t\t\t<div class=\"elementor-widget-container\">\n\t\t\t\t\t<script>\r\n(function(w,d,t,h,l,b,p,o,a,m){w[\"TraducationFxObject\"]=o;w[o]=w[o]||function(){\r\nw[o].h=h;w[o].b=b;return (w[o].q=w[o].q||[]).push(arguments)};a=d.createElement(t),\r\nm=d.getElementsByTagName(t)[0];a.async=1;a.src=h+l+\"?b=\"+b+\"&p=\"+p.join(\",\");a.crossorigin=\"use-credentials\";m.parentNode.insertBefore(a,m)\r\n})(window,document,\"script\",\"https:\/\/embedder.traducationfx.com\/\",\"embedder.js\",\"PrdAG3cUprS\",[],\"TraducationFX\");\r\nTraducationFX(\"settings\", \"configure\", {\r\n    \"theme\": \"light\",\r\n    \"traderStateKey\": \"eP7gFXypBzC\"\r\n});\r\n<\/script>\r\n\r\n<script>\r\nTraducationFX(\"articles.marketNews\", \"configure\", {\r\n    \"containerId\": \"trfx-marketNews\",\r\n    \"category\": \"marketNews\",\r\n    \"layout\": \"grid\"\r\n});\r\nTraducationFX(\"articles.marketNews\", \"embed\");\r\n<\/script>\r\n<div id=\"trfx-marketNews\"><\/div>\t\t\t\t<\/div>\n\t\t\t\t<\/div>\n\t\t\t\t\t<\/div>\n\t\t<\/div>\n\t\t\t\t\t<\/div>\n\t\t<\/section>\n\t\t\t\t<\/div>\n\t\t","protected":false},"excerpt":{"rendered":"<p>NOT\u00cdCIAS FINANCEIRAS ENTRE NOS MERCADOS COM AS MELHORES CONDI\u00c7\u00d5ES DE NEGOCIA\u00c7\u00c3O! Encontre not\u00edcias financeiras di\u00e1rias e as \u00faltimas actualiza\u00e7\u00f5es que podem afetar as suas finan\u00e7as, investimentos, poupan\u00e7as e sa\u00fade financeira aqui com a Axia. Obtenha uma cobertura completa dos mercados globais e informa\u00e7\u00f5es em tempo real para aproveitar o maior n\u00famero poss\u00edvel de oportunidades.\u00a0 NOT\u00cdCIAS <a class=\"read-more\" href=\"https:\/\/axiainvestments.com\/pt-br\/financial-news\/\">[read more]<\/a><\/p>\n","protected":false},"author":2,"featured_media":0,"parent":0,"menu_order":0,"comment_status":"closed","ping_status":"closed","template":"elementor_header_footer","meta":{"footnotes":""},"class_list":["post-5597","page","type-page","status-publish","hentry"],"acf":[],"aioseo_notices":[],"_links":{"self":[{"href":"https:\/\/axiainvestments.com\/pt-br\/wp-json\/wp\/v2\/pages\/5597","targetHints":{"allow":["GET"]}}],"collection":[{"href":"https:\/\/axiainvestments.com\/pt-br\/wp-json\/wp\/v2\/pages"}],"about":[{"href":"https:\/\/axiainvestments.com\/pt-br\/wp-json\/wp\/v2\/types\/page"}],"author":[{"embeddable":true,"href":"https:\/\/axiainvestments.com\/pt-br\/wp-json\/wp\/v2\/users\/2"}],"replies":[{"embeddable":true,"href":"https:\/\/axiainvestments.com\/pt-br\/wp-json\/wp\/v2\/comments?post=5597"}],"version-history":[{"count":0,"href":"https:\/\/axiainvestments.com\/pt-br\/wp-json\/wp\/v2\/pages\/5597\/revisions"}],"wp:attachment":[{"href":"https:\/\/axiainvestments.com\/pt-br\/wp-json\/wp\/v2\/media?parent=5597"}],"curies":[{"name":"wp","href":"https:\/\/api.w.org\/{rel}","templated":true}]}}