{"id":5302,"date":"2023-08-17T10:14:58","date_gmt":"2023-08-17T10:14:58","guid":{"rendered":"https:\/\/axiainvestments.com\/registration\/"},"modified":"2023-11-19T15:43:26","modified_gmt":"2023-11-19T15:43:26","slug":"registration","status":"publish","type":"page","link":"https:\/\/axiainvestments.com\/pt-br\/registration\/","title":{"rendered":"Registration"},"content":{"rendered":"\t\t<div data-elementor-type=\"wp-page\" data-elementor-id=\"5302\" class=\"elementor elementor-5302 elementor-5283\" data-elementor-post-type=\"page\">\n\t\t\t\t<div class=\"elementor-element elementor-element-935a6a6 e-flex e-con-boxed e-con e-parent\" data-id=\"935a6a6\" data-element_type=\"container\">\n\t\t\t\t\t<div class=\"e-con-inner\">\n\t\t<div class=\"elementor-element elementor-element-df5344f e-con-full elementor-hidden-tablet elementor-hidden-mobile e-flex e-con e-child\" data-id=\"df5344f\" data-element_type=\"container\">\n\t\t\t\t<div class=\"elementor-element elementor-element-c5d1a3e elementor-widget elementor-widget-image\" data-id=\"c5d1a3e\" data-element_type=\"widget\" data-widget_type=\"image.default\">\n\t\t\t\t<div class=\"elementor-widget-container\">\n\t\t\t<style>\/*! elementor - v3.21.0 - 08-05-2024 *\/\n.elementor-widget-image{text-align:center}.elementor-widget-image a{display:inline-block}.elementor-widget-image a img[src$=\".svg\"]{width:48px}.elementor-widget-image img{vertical-align:middle;display:inline-block}<\/style>\t\t\t\t\t\t\t\t\t\t<img fetchpriority=\"high\" decoding=\"async\" width=\"691\" height=\"1024\" src=\"https:\/\/bcdn.axiainvestments.com\/wp-content\/uploads\/2023\/09\/registration-image-1-691x1024.png\" class=\"attachment-large size-large wp-image-8022\" alt=\"\" srcset=\"https:\/\/bcdn.axiainvestments.com\/wp-content\/uploads\/2023\/09\/registration-image-1-691x1024.png 691w, https:\/\/bcdn.axiainvestments.com\/wp-content\/uploads\/2023\/09\/registration-image-1-202x300.png 202w, https:\/\/bcdn.axiainvestments.com\/wp-content\/uploads\/2023\/09\/registration-image-1-768x1139.png 768w, https:\/\/bcdn.axiainvestments.com\/wp-content\/uploads\/2023\/09\/registration-image-1-1036x1536.png 1036w, https:\/\/bcdn.axiainvestments.com\/wp-content\/uploads\/2023\/09\/registration-image-1.png 1152w\" sizes=\"(max-width: 691px) 100vw, 691px\" \/>\t\t\t\t\t\t\t\t\t\t\t\t\t<\/div>\n\t\t\t\t<\/div>\n\t\t\t\t<\/div>\n\t\t<div class=\"elementor-element elementor-element-304020f e-con-full e-flex e-con e-child\" data-id=\"304020f\" data-element_type=\"container\">\n\t\t\t\t<div class=\"elementor-element elementor-element-8ad7fcc elementor-widget elementor-widget-heading\" data-id=\"8ad7fcc\" data-element_type=\"widget\" data-widget_type=\"heading.default\">\n\t\t\t\t<div class=\"elementor-widget-container\">\n\t\t\t<style>\/*! elementor - v3.21.0 - 08-05-2024 *\/\n.elementor-heading-title{padding:0;margin:0;line-height:1}.elementor-widget-heading .elementor-heading-title[class*=elementor-size-]>a{color:inherit;font-size:inherit;line-height:inherit}.elementor-widget-heading .elementor-heading-title.elementor-size-small{font-size:15px}.elementor-widget-heading .elementor-heading-title.elementor-size-medium{font-size:19px}.elementor-widget-heading .elementor-heading-title.elementor-size-large{font-size:29px}.elementor-widget-heading .elementor-heading-title.elementor-size-xl{font-size:39px}.elementor-widget-heading .elementor-heading-title.elementor-size-xxl{font-size:59px}<\/style><h2 class=\"elementor-heading-title elementor-size-default\">Abra sua conta na AxiaTrade! <\/h2>\t\t<\/div>\n\t\t\t\t<\/div>\n\t\t\t\t<div class=\"elementor-element elementor-element-3187e4e elementor-widget-tablet__width-inherit elementor-widget elementor-widget-heading\" data-id=\"3187e4e\" data-element_type=\"widget\" data-widget_type=\"heading.default\">\n\t\t\t\t<div class=\"elementor-widget-container\">\n\t\t\t<h2 class=\"elementor-heading-title elementor-size-default\">Aproveite as vantagens de uma plataforma premiada e eleve suas negocia\u00e7\u00f5es para o pr\u00f3ximo n\u00edvel!<\/h2>\t\t<\/div>\n\t\t\t\t<\/div>\n\t\t\t\t<div class=\"elementor-element elementor-element-3abf78d default-form elementor-widget-tablet__width-inherit elementor-widget elementor-widget-axiaRegistrationFormTemplate\" data-id=\"3abf78d\" data-element_type=\"widget\" data-widget_type=\"axiaRegistrationFormTemplate.default\">\n\t\t\t\t<div class=\"elementor-widget-container\">\n\t\t\t\n\t\t<div class=\"form-axia\">\n\n\t\t\t\n\t\t\t<div class=\"form-axia__top-images\">\n\t\t\t\t\t\t\t<\/div>\n\n\t\t\t<div class=\"form-axia__title\">\n\t\t\t\t<p><\/p>\n\t\t\t<\/div>\n\n\t\t\t<form autocomplete=\"off\" class=\"form-axia__form\" data-submit-form novalidate>\n\t\t\t\t<input type=\"hidden\" name=\"language\" value=\"pt-br\">\n\t\t\t\t<input type=\"hidden\" name=\"ip\" value=\"\">\n\t\t\t\t<input type=\"hidden\" name=\"countryCode\" value=\"\">\n\n\t\t\t\t\n\t\t\t\t<div class=\"form-axia__group form-axia__group--full-name\">\n\t\t\t\t\t<div class=\"form-axia__group-input\">\n\t\t\t\t\t\t\t\t\t\t\t\t\t<input name=\"full_name\" maxlength=\"30\" autocomplete=\"off\" type=\"text\" pattern=\".{5,}\" required placeholder=\"Nome completo\">\n\t\t\t\t\t\t\t\t\t\t\t<\/div>\n\t\t\t\t\t<span class=\"input-required__text--empty-field-full-name registration-form-error registration-form-error__required-empty-field\">\n\t\t\t\t\t\tPor favor, insira seu nome\t\t\t\t\t<\/span>\n\t\t\t\t\t<span class=\"input-required__text--name registration-form-error registration-form-error__required-text\">\n\t\t\t\t\t\tO primeiro e o \u00faltimo nome devem conter pelo menos 2 caracteres cada\t\t\t\t\t<\/span>\n\t\t\t\t\t<span class=\"input-required__text--onlyletters registration-form-error registration-form-error__required-onlyletters\">\n\t\t\t\t\t\tO nome completo n\u00e3o deve conter caracteres especiais\t\t\t\t\t<\/span>\n\t\t\t\t\t<span class=\"input-required__text--special-chars registration-form-error registration-form-error__required-special-chars\">\n\t\t\t\t\t\tN\u00e3o s\u00e3o permitidos caracteres especiais\t\t\t\t\t<\/span>\n\t\t\t\t<\/div>\n\t\t\t\t<div class=\"form-axia__group form-axia__group--email\">\n\t\t\t\t\t<div class=\"form-axia__group-input\">\n\t\t\t\t\t\t\t\t\t\t\t\t\t<input name=\"email\" autocomplete=\"off\" required placeholder=\"Endere\u00e7o de e-mail\">\n\t\t\t\t\t\t\t\t\t\t\t<\/div>\n\t\t\t\t\t<span class=\"input-required__text--email registration-form-error registration-form-error__required-text\">\n\t\t\t\t\t\tPor favor, insira um endere\u00e7o de e-mail v\u00e1lido\t\t\t\t\t<\/span>\n\t\t\t\t\t<span class=\"input-required__text--special-chars-email registration-form-error registration-form-error__required-text\">\n\t\t\t\t\t\tN\u00e3o s\u00e3o permitidos caracteres especiais\t\t\t\t\t<\/span>\n\t\t\t\t<\/div>\n\t\t\t\t<div class=\"form-axia__group form-axia__group--phone\">\n\t\t\t\t\t<div class=\"form-axia__group-input\">\n\t\t\t\t\t\t\t\t\t\t\t\t\t<input id=\"form-field-phone\" class=\"registration__input\" type=\"tel\" name=\"phone\" maxlength=\"15\" autocomplete=\"off\" required placeholder=\"N\u00famero de telefone\">\n\t\t\t\t\t\t\t\t\t\t\t<\/div>\n\t\t\t\t\t<span class=\"input-required__text--phone registration-form-error registration-form-error__required-text\">\n\t\t\t\t\t\tO campo de telefone est\u00e1 vazio. Por favor, insira um n\u00famero de telefone v\u00e1lido\t\t\t\t\t<\/span>\n\t\t\t\t\t<span class=\"input-required__text--phone registration-form-error registration-form-error__required-text\">\n\t\t\t\t\t\tO campo de telefone est\u00e1 vazio. Por favor, insira um n\u00famero de telefone v\u00e1lido\t\t\t\t\t<\/span>\n\t\t\t\t<\/div>\n\t\t\t\t\t\t\t\t\t<div class=\"form-axia__group form-axia__group--password\">\n\t\t\t\t\t\t<div class=\"form-axia__group-input\">\n\t\t\t\t\t\t\t\t\t\t\t\t\t\t\t<input name=\"password\" type=\"password\" data-password-input required autocomplete=\"off\" placeholder=\"Senha\">\n\t\t\t\t\t\t\t\n\t\t\t\t\t\t\t<div class=\"form-axia__show-password\"><\/div>\n\t\t\t\t\t\t<\/div>\n\t\t\t\t\t\t<span class=\"input-required__text--empty-field-password registration-form-error registration-form-error__required-empty-field-password\">\n\t\t\t\t\t\t\tPor favor, insira sua senha\t\t\t\t\t\t<\/span>\n\t\t\t\t\t\t<span class=\"input-required__text--max-character-12 registration-form-error registration-form-error__required-empty-field-password red\">\n\t\t\t\t\t\t\tO limite m\u00e1ximo de caracteres \u00e9 12\t\t\t\t\t\t<\/span>\n\t\t\t\t\t\t<span class=\"input-required__text--password registration-form-error registration-form-error__required-text\">\n\t\t\t\t\t\t\tA senha deve atender aos requisitos\t\t\t\t\t\t<\/span>\n\t\t\t\t\t\t<div class=\"block-popup-validate-password\">\n\t\t\t\t\t\t\t<div class=\"valid-password-title\">\n\t\t\t\t\t\t\t\tA senha deve conter:\t\t\t\t\t\t\t<\/div>\n\t\t\t\t\t\t\t<p id=\"length\">\n\t\t\t\t\t\t\t\tEntre 6 e 12 caracteres\t\t\t\t\t\t\t<\/p>\n\t\t\t\t\t\t\t<p id=\"letter\">\n\t\t\t\t\t\t\t\tUma combina\u00e7\u00e3o de letras latinas (a-z), n\u00fameros (0-9) e pelo menos 1 letra mai\u00fascula\t\t\t\t\t\t\t<\/p>\n\t\t\t\t\t\t\t<p id=\"onlyEnglishCharacters\">\n\t\t\t\t\t\t\t\tSem caracteres especiais\t\t\t\t\t\t\t<\/p>\n\t\t\t\t\t\t<\/div>\n\t\t\t\t\t<\/div>\n\t\t\t\t\t\t\t\t<span class=\"input-required__text--notuniqueemail error_field\">\n\t\t\t\t\tUsu\u00e1rio j\u00e1 existe. Por favor, fa\u00e7a login.\t\t\t\t<\/span>\n\t\t\t\t<span class=\"input-required__text--error-service-unavailable error_field\">\n\t\t\t\t\t\t\t\t\t<\/span>\n\t\t\t\t<div class=\"form-axia__group\">\n\t\t\t\t\t<button type=\"submit\" class=\"form-axia__submit\">\n\t\t\t\t\t\t<span>\n\t\t\t\t\t\t\tEntrar\t\t\t\t\t\t<\/span>\n\t\t\t\t\t<\/button>\n\t\t\t\t\t<span class=\"registration-form-error registration-form-error__required-unexpected\">\n\t\t\t\t\t\tO servi\u00e7o n\u00e3o est\u00e1 dispon\u00edvel. Por favor, entre em contato com o Suporte\t\t\t\t\t<\/span>\n\t\t\t\t<\/div>\n\n        <div class=\"form-seekapa__group registration__form-group registration__captcha\">\n          <div class=\"cf-turnstile\" data-sitekey=\"0x4AAAAAABu2jCiwLLbndoZj\" data-theme=\"light\"><\/div>\n          <input type=\"hidden\" name=\"cf-turnstile-response\">\n          <div class=\"errors-group captcha-errors\">\n            <span class=\"input-required__text--captcha error_field\">Por favor, verifique que voc\u00ea n\u00e3o \u00e9 um rob\u00f4.<\/span>\n          <\/div>\n        <\/div>\n\n\t\t\t\t<div class=\"form-axia__group\">\n\t\t\t\t\t<div class=\"input-required__text--condition tooltip-wrapper registration-form-error registration-form-error__required-text\">\n\t\t\t\t\t\t<span class=\"tooltip\">\n\t\t\t\t\t\t\tCertifique-se de ler e concordar com os Termos e Condi\u00e7\u00f5es antes de prosseguir\t\t\t\t\t\t<\/span>\n\t\t\t\t\t<\/div>\n\t\t\t\t\t<p class=\"form-axia__condition-wrapper\">\n\t\t\t\t\t\t<input type=\"checkbox\" name=\"condition\" checked class=\"registration-form-checkbox\" required \/>\n\t\t\t\t\t\tAo criar uma conta, est\u00e1 a aceitar os nossos <a href=\"https:\/\/bcdn.axiainvestments.com\/wp-content\/uploads\/2025\/01\/Axia-Client-Agreement-250114.pdf\" target=\"_blank\">Termos e Condi\u00e7\u00f5es<\/a>, a nossa <a href=\"https:\/\/bcdn.axiainvestments.com\/wp-content\/uploads\/2023\/11\/Privacy_Policy-13.11.2023.pdf\" target=\"_blank\"> Pol\u00edtica de Privacidade<\/a> e receber materiais de marketing por email \u2013 pode cancelar a qualquer momento.\t\t\t\t\t<\/p>\n\t\t\t\t<\/div>\n\n\t\t\t\t<div class=\"form-axia__preloader\">\n\t\t\t\t\t<img loading=\"lazy\" decoding=\"async\" loading=\"lazy\" class=\"form-axia__preloader-img\" src=\"\/wp-content\/themes\/hello-elementor-child\/img\/preloader-form.gif\" alt=\"preloader\" width=\"24\" height=\"24\">\n\t\t\t\t<\/div>\n\n\t\t\t<\/form>\n\t\t<\/div>\n\n\t\t\n\t\t<\/div>\n\t\t\t\t<\/div>\n\t\t\t\t<div class=\"elementor-element elementor-element-b09f34f elementor-widget__width-auto elementor-widget elementor-widget-heading\" data-id=\"b09f34f\" data-element_type=\"widget\" data-widget_type=\"heading.default\">\n\t\t\t\t<div class=\"elementor-widget-container\">\n\t\t\t<h2 class=\"elementor-heading-title elementor-size-default\">Voc\u00ea tem uma conta?<\/h2>\t\t<\/div>\n\t\t\t\t<\/div>\n\t\t\t\t<div class=\"elementor-element elementor-element-3be3b16 elementor-widget__width-auto elementor-widget elementor-widget-heading\" data-id=\"3be3b16\" data-element_type=\"widget\" data-widget_type=\"heading.default\">\n\t\t\t\t<div class=\"elementor-widget-container\">\n\t\t\t<h2 class=\"elementor-heading-title elementor-size-default\"><a href=\"#elementor-action%3Aaction%3Dpopup%3Aopen%26settings%3DeyJpZCI6NzU4NiwidG9nZ2xlIjpmYWxzZX0%3D\">Conecte-se<\/a><\/h2>\t\t<\/div>\n\t\t\t\t<\/div>\n\t\t\t\t<\/div>\n\t\t\t\t\t<\/div>\n\t\t\t\t<\/div>\n\t\t\t\t<\/div>\n\t\t","protected":false},"excerpt":{"rendered":"<p>Abra sua conta na AxiaTrade! Aproveite as vantagens de uma plataforma premiada e eleve suas negocia\u00e7\u00f5es para o pr\u00f3ximo n\u00edvel! Por favor, insira seu nome O primeiro e o \u00faltimo nome devem conter pelo menos 2 caracteres cada O nome completo n\u00e3o deve conter caracteres especiais N\u00e3o s\u00e3o permitidos caracteres especiais Por favor, insira um <a class=\"read-more\" href=\"https:\/\/axiainvestments.com\/pt-br\/registration\/\">[read more]<\/a><\/p>\n","protected":false},"author":3,"featured_media":0,"parent":0,"menu_order":0,"comment_status":"closed","ping_status":"closed","template":"elementor_header_footer","meta":{"footnotes":""},"class_list":["post-5302","page","type-page","status-publish","hentry"],"acf":[],"aioseo_notices":[],"_links":{"self":[{"href":"https:\/\/axiainvestments.com\/pt-br\/wp-json\/wp\/v2\/pages\/5302","targetHints":{"allow":["GET"]}}],"collection":[{"href":"https:\/\/axiainvestments.com\/pt-br\/wp-json\/wp\/v2\/pages"}],"about":[{"href":"https:\/\/axiainvestments.com\/pt-br\/wp-json\/wp\/v2\/types\/page"}],"author":[{"embeddable":true,"href":"https:\/\/axiainvestments.com\/pt-br\/wp-json\/wp\/v2\/users\/3"}],"replies":[{"embeddable":true,"href":"https:\/\/axiainvestments.com\/pt-br\/wp-json\/wp\/v2\/comments?post=5302"}],"version-history":[{"count":0,"href":"https:\/\/axiainvestments.com\/pt-br\/wp-json\/wp\/v2\/pages\/5302\/revisions"}],"wp:attachment":[{"href":"https:\/\/axiainvestments.com\/pt-br\/wp-json\/wp\/v2\/media?parent=5302"}],"curies":[{"name":"wp","href":"https:\/\/api.w.org\/{rel}","templated":true}]}}