{"id":5621,"date":"2023-07-27T09:43:57","date_gmt":"2023-07-27T09:43:57","guid":{"rendered":"https:\/\/axiainvestments.com\/technical-analysis-videos\/"},"modified":"2024-06-09T09:32:24","modified_gmt":"2024-06-09T09:32:24","slug":"technical-analysis-videos","status":"publish","type":"page","link":"https:\/\/axiainvestments.com\/es\/technical-analysis-videos\/","title":{"rendered":"Technical analysis videos"},"content":{"rendered":"\t\t<div data-elementor-type=\"wp-page\" data-elementor-id=\"5621\" class=\"elementor elementor-5621 elementor-2638\" data-elementor-post-type=\"page\">\n\t\t\t\t\t\t<section class=\"elementor-section elementor-top-section elementor-element elementor-element-f2cdeb0 elementor-section-height-min-height elementor-section-full_width elementor-section-items-stretch elementor-hidden-tablet elementor-hidden-mobile elementor-section-height-default\" data-id=\"f2cdeb0\" data-element_type=\"section\" data-settings=\"{&quot;background_background&quot;:&quot;classic&quot;}\">\n\t\t\t\t\t\t<div class=\"elementor-container elementor-column-gap-default\">\n\t\t\t\t\t<div class=\"elementor-column elementor-col-100 elementor-top-column elementor-element elementor-element-c80722c\" data-id=\"c80722c\" data-element_type=\"column\" data-settings=\"{&quot;background_background&quot;:&quot;classic&quot;}\">\n\t\t\t<div class=\"elementor-widget-wrap elementor-element-populated\">\n\t\t\t\t\t<div class=\"elementor-background-overlay\"><\/div>\n\t\t\t\t\t\t<div class=\"elementor-element elementor-element-0f2d784 elementor-widget elementor-widget-spacer\" data-id=\"0f2d784\" data-element_type=\"widget\" data-widget_type=\"spacer.default\">\n\t\t\t\t<div class=\"elementor-widget-container\">\n\t\t\t<style>\/*! elementor - v3.21.0 - 08-05-2024 *\/\n.elementor-column .elementor-spacer-inner{height:var(--spacer-size)}.e-con{--container-widget-width:100%}.e-con-inner>.elementor-widget-spacer,.e-con>.elementor-widget-spacer{width:var(--container-widget-width,var(--spacer-size));--align-self:var(--container-widget-align-self,initial);--flex-shrink:0}.e-con-inner>.elementor-widget-spacer>.elementor-widget-container,.e-con>.elementor-widget-spacer>.elementor-widget-container{height:100%;width:100%}.e-con-inner>.elementor-widget-spacer>.elementor-widget-container>.elementor-spacer,.e-con>.elementor-widget-spacer>.elementor-widget-container>.elementor-spacer{height:100%}.e-con-inner>.elementor-widget-spacer>.elementor-widget-container>.elementor-spacer>.elementor-spacer-inner,.e-con>.elementor-widget-spacer>.elementor-widget-container>.elementor-spacer>.elementor-spacer-inner{height:var(--container-widget-height,var(--spacer-size))}.e-con-inner>.elementor-widget-spacer.elementor-widget-empty,.e-con>.elementor-widget-spacer.elementor-widget-empty{position:relative;min-height:22px;min-width:22px}.e-con-inner>.elementor-widget-spacer.elementor-widget-empty .elementor-widget-empty-icon,.e-con>.elementor-widget-spacer.elementor-widget-empty .elementor-widget-empty-icon{position:absolute;top:0;bottom:0;left:0;right:0;margin:auto;padding:0;width:22px;height:22px}<\/style>\t\t<div class=\"elementor-spacer\">\n\t\t\t<div class=\"elementor-spacer-inner\"><\/div>\n\t\t<\/div>\n\t\t\t\t<\/div>\n\t\t\t\t<\/div>\n\t\t\t\t<div class=\"elementor-element elementor-element-6508b54 elementor-widget elementor-widget-heading\" data-id=\"6508b54\" data-element_type=\"widget\" data-widget_type=\"heading.default\">\n\t\t\t\t<div class=\"elementor-widget-container\">\n\t\t\t<style>\/*! elementor - v3.21.0 - 08-05-2024 *\/\n.elementor-heading-title{padding:0;margin:0;line-height:1}.elementor-widget-heading .elementor-heading-title[class*=elementor-size-]>a{color:inherit;font-size:inherit;line-height:inherit}.elementor-widget-heading .elementor-heading-title.elementor-size-small{font-size:15px}.elementor-widget-heading .elementor-heading-title.elementor-size-medium{font-size:19px}.elementor-widget-heading .elementor-heading-title.elementor-size-large{font-size:29px}.elementor-widget-heading .elementor-heading-title.elementor-size-xl{font-size:39px}.elementor-widget-heading .elementor-heading-title.elementor-size-xxl{font-size:59px}<\/style><h2 class=\"elementor-heading-title elementor-size-default\">V\u00cdDEOS DE AN\u00c1LISIS T\u00c9CNICO<\/h2>\t\t<\/div>\n\t\t\t\t<\/div>\n\t\t\t\t<div class=\"elementor-element elementor-element-318ee13 elementor-widget elementor-widget-text-editor\" data-id=\"318ee13\" data-element_type=\"widget\" data-widget_type=\"text-editor.default\">\n\t\t\t\t<div class=\"elementor-widget-container\">\n\t\t\t<style>\/*! elementor - v3.21.0 - 08-05-2024 *\/\n.elementor-widget-text-editor.elementor-drop-cap-view-stacked .elementor-drop-cap{background-color:#69727d;color:#fff}.elementor-widget-text-editor.elementor-drop-cap-view-framed .elementor-drop-cap{color:#69727d;border:3px solid;background-color:transparent}.elementor-widget-text-editor:not(.elementor-drop-cap-view-default) .elementor-drop-cap{margin-top:8px}.elementor-widget-text-editor:not(.elementor-drop-cap-view-default) .elementor-drop-cap-letter{width:1em;height:1em}.elementor-widget-text-editor .elementor-drop-cap{float:left;text-align:center;line-height:1;font-size:50px}.elementor-widget-text-editor .elementor-drop-cap-letter{display:inline-block}<\/style>\t\t\t\t<section class=\"hero\"><div class=\"hero__container container\"><div class=\"ewa-rteLine\">Los operadores de \u00e9xito recurren al an\u00e1lisis t\u00e9cnico para vigilar los movimientos de los precios de los activos e identificar oportunidades de negociaci\u00f3n potencialmente rentables. El an\u00e1lisis t\u00e9cnico incluye tendencias de precios, patrones gr\u00e1ficos e indicadores que ayudan a reconocer el mejor momento para entrar y salir de una operaci\u00f3n. Conozca los fundamentos del an\u00e1lisis t\u00e9cnico y c\u00f3mo puede ayudarle a aplicar una estrategia de inversi\u00f3n o negociaci\u00f3n adecuada.<\/div><div class=\"ewa-rteLine\">\u00a0<\/div><\/div><\/section>\t\t\t\t\t\t<\/div>\n\t\t\t\t<\/div>\n\t\t\t\t<div class=\"elementor-element elementor-element-dbf3ee4 elementor-widget elementor-widget-spacer\" data-id=\"dbf3ee4\" data-element_type=\"widget\" data-widget_type=\"spacer.default\">\n\t\t\t\t<div class=\"elementor-widget-container\">\n\t\t\t\t\t<div class=\"elementor-spacer\">\n\t\t\t<div class=\"elementor-spacer-inner\"><\/div>\n\t\t<\/div>\n\t\t\t\t<\/div>\n\t\t\t\t<\/div>\n\t\t\t\t\t<\/div>\n\t\t<\/div>\n\t\t\t\t\t<\/div>\n\t\t<\/section>\n\t\t\t\t<section class=\"elementor-section elementor-top-section elementor-element elementor-element-1146694 elementor-hidden-desktop elementor-section-boxed elementor-section-height-default elementor-section-height-default\" data-id=\"1146694\" data-element_type=\"section\">\n\t\t\t\t\t\t<div class=\"elementor-container elementor-column-gap-default\">\n\t\t\t\t\t<div class=\"elementor-column elementor-col-100 elementor-top-column elementor-element elementor-element-acb0df2\" data-id=\"acb0df2\" data-element_type=\"column\" data-settings=\"{&quot;background_background&quot;:&quot;classic&quot;}\">\n\t\t\t<div class=\"elementor-widget-wrap elementor-element-populated\">\n\t\t\t\t\t\t<div class=\"elementor-element elementor-element-4b95777 elementor-widget elementor-widget-heading\" data-id=\"4b95777\" data-element_type=\"widget\" data-widget_type=\"heading.default\">\n\t\t\t\t<div class=\"elementor-widget-container\">\n\t\t\t<h2 class=\"elementor-heading-title elementor-size-default\">V\u00cdDEOS DE AN\u00c1LISIS T\u00c9CNICO<\/h2>\t\t<\/div>\n\t\t\t\t<\/div>\n\t\t\t\t\t<\/div>\n\t\t<\/div>\n\t\t\t\t\t<\/div>\n\t\t<\/section>\n\t\t\t\t<section class=\"elementor-section elementor-top-section elementor-element elementor-element-0a88395 elementor-hidden-desktop elementor-section-boxed elementor-section-height-default elementor-section-height-default\" data-id=\"0a88395\" data-element_type=\"section\">\n\t\t\t\t\t\t<div class=\"elementor-container elementor-column-gap-default\">\n\t\t\t\t\t<div class=\"elementor-column elementor-col-100 elementor-top-column elementor-element elementor-element-5ea781e\" data-id=\"5ea781e\" data-element_type=\"column\">\n\t\t\t<div class=\"elementor-widget-wrap elementor-element-populated\">\n\t\t\t\t\t\t<div class=\"elementor-element elementor-element-43e83d8 elementor-widget elementor-widget-text-editor\" data-id=\"43e83d8\" data-element_type=\"widget\" data-widget_type=\"text-editor.default\">\n\t\t\t\t<div class=\"elementor-widget-container\">\n\t\t\t\t\t\t\t<section class=\"hero\"><div class=\"hero__container container\"><section class=\"hero\"><div class=\"hero__container container\"><div class=\"ewa-rteLine\">Los operadores de \u00e9xito recurren al an\u00e1lisis t\u00e9cnico para vigilar los movimientos de los precios de los activos e identificar oportunidades de negociaci\u00f3n potencialmente rentables. El an\u00e1lisis t\u00e9cnico incluye tendencias de precios, patrones gr\u00e1ficos e indicadores que ayudan a reconocer el mejor momento para entrar y salir de una operaci\u00f3n. Conozca los fundamentos del an\u00e1lisis t\u00e9cnico y c\u00f3mo puede ayudarle a aplicar una estrategia de inversi\u00f3n o negociaci\u00f3n adecuada.<\/div><div class=\"ewa-rteLine\">\u00a0<\/div><\/div><\/section><\/div><\/section>\t\t\t\t\t\t<\/div>\n\t\t\t\t<\/div>\n\t\t\t\t\t<\/div>\n\t\t<\/div>\n\t\t\t\t\t<\/div>\n\t\t<\/section>\n\t\t\t\t<section class=\"elementor-section elementor-top-section elementor-element elementor-element-6ad3ad9 elementor-section-full_width elementor-section-height-default elementor-section-height-default\" data-id=\"6ad3ad9\" data-element_type=\"section\">\n\t\t\t\t\t\t<div class=\"elementor-container elementor-column-gap-default\">\n\t\t\t\t\t<div class=\"elementor-column elementor-col-100 elementor-top-column elementor-element elementor-element-9a81579\" data-id=\"9a81579\" data-element_type=\"column\">\n\t\t\t<div class=\"elementor-widget-wrap elementor-element-populated\">\n\t\t\t\t\t\t<div class=\"elementor-element elementor-element-8df4603 elementor-widget elementor-widget-html\" data-id=\"8df4603\" data-element_type=\"widget\" data-widget_type=\"html.default\">\n\t\t\t\t<div class=\"elementor-widget-container\">\n\t\t\t<script>\r\n(function(w,d,t,h,l,b,p,o,a,m){w[\"TraducationFxObject\"]=o;w[o]=w[o]||function(){\r\nw[o].h=h;w[o].b=b;return (w[o].q=w[o].q||[]).push(arguments)};a=d.createElement(t),\r\nm=d.getElementsByTagName(t)[0];a.async=1;a.src=h+l+\"?b=\"+b+\"&p=\"+p.join(\",\");a.crossorigin=\"use-credentials\";m.parentNode.insertBefore(a,m)\r\n})(window,document,\"script\",\"https:\/\/embedder.traducationfx.com\/\",\"embedder.js\",\"PrdAG3cUprS\",[],\"TraducationFX\");\r\nTraducationFX(\"settings\", \"configure\", {\r\n    \"theme\": \"light\",\r\n    \"traderStateKey\": \"eP7gFXypBzC\"\r\n});\r\n<\/script>\r\n\r\n<script>\r\nTraducationFX(\"marketResearchVideos\", \"configure\", {\r\n    \"containerId\": \"trfx-research-videos\",\r\n    \"category\": \"technicalAnalysis\",\r\n    \"layout\": \"grid\"\r\n});\r\nTraducationFX(\"marketResearchVideos\", \"embed\");\r\n<\/script>\r\n<div id=\"trfx-research-videos\"><\/div>\t\t<\/div>\n\t\t\t\t<\/div>\n\t\t\t\t\t<\/div>\n\t\t<\/div>\n\t\t\t\t\t<\/div>\n\t\t<\/section>\n\t\t\t\t<\/div>\n\t\t","protected":false},"excerpt":{"rendered":"<p>V\u00cdDEOS DE AN\u00c1LISIS T\u00c9CNICO Los operadores de \u00e9xito recurren al an\u00e1lisis t\u00e9cnico para vigilar los movimientos de los precios de los activos e identificar oportunidades de negociaci\u00f3n potencialmente rentables. El an\u00e1lisis t\u00e9cnico incluye tendencias de precios, patrones gr\u00e1ficos e indicadores que ayudan a reconocer el mejor momento para entrar y salir de una operaci\u00f3n. Conozca <a class=\"read-more\" href=\"https:\/\/axiainvestments.com\/es\/technical-analysis-videos\/\">[read more]<\/a><\/p>\n","protected":false},"author":2,"featured_media":0,"parent":0,"menu_order":0,"comment_status":"closed","ping_status":"closed","template":"elementor_header_footer","meta":{"footnotes":""},"class_list":["post-5621","page","type-page","status-publish","hentry"],"acf":[],"aioseo_notices":[],"_links":{"self":[{"href":"https:\/\/axiainvestments.com\/es\/wp-json\/wp\/v2\/pages\/5621","targetHints":{"allow":["GET"]}}],"collection":[{"href":"https:\/\/axiainvestments.com\/es\/wp-json\/wp\/v2\/pages"}],"about":[{"href":"https:\/\/axiainvestments.com\/es\/wp-json\/wp\/v2\/types\/page"}],"author":[{"embeddable":true,"href":"https:\/\/axiainvestments.com\/es\/wp-json\/wp\/v2\/users\/2"}],"replies":[{"embeddable":true,"href":"https:\/\/axiainvestments.com\/es\/wp-json\/wp\/v2\/comments?post=5621"}],"version-history":[{"count":0,"href":"https:\/\/axiainvestments.com\/es\/wp-json\/wp\/v2\/pages\/5621\/revisions"}],"wp:attachment":[{"href":"https:\/\/axiainvestments.com\/es\/wp-json\/wp\/v2\/media?parent=5621"}],"curies":[{"name":"wp","href":"https:\/\/api.w.org\/{rel}","templated":true}]}}