{"id":5303,"date":"2023-08-17T10:14:58","date_gmt":"2023-08-17T10:14:58","guid":{"rendered":"https:\/\/axiainvestments.com\/registration\/"},"modified":"2023-11-19T15:44:14","modified_gmt":"2023-11-19T15:44:14","slug":"registration","status":"publish","type":"page","link":"https:\/\/axiainvestments.com\/es\/registration\/","title":{"rendered":"Registration"},"content":{"rendered":"\t\t<div data-elementor-type=\"wp-page\" data-elementor-id=\"5303\" class=\"elementor elementor-5303 elementor-5283\" data-elementor-post-type=\"page\">\n\t\t\t\t<div class=\"elementor-element elementor-element-935a6a6 e-flex e-con-boxed e-con e-parent\" data-id=\"935a6a6\" data-element_type=\"container\">\n\t\t\t\t\t<div class=\"e-con-inner\">\n\t\t<div class=\"elementor-element elementor-element-df5344f e-con-full elementor-hidden-tablet elementor-hidden-mobile e-flex e-con e-child\" data-id=\"df5344f\" data-element_type=\"container\">\n\t\t\t\t<div class=\"elementor-element elementor-element-c5d1a3e elementor-widget elementor-widget-image\" data-id=\"c5d1a3e\" data-element_type=\"widget\" data-widget_type=\"image.default\">\n\t\t\t\t<div class=\"elementor-widget-container\">\n\t\t\t<style>\/*! elementor - v3.21.0 - 08-05-2024 *\/\n.elementor-widget-image{text-align:center}.elementor-widget-image a{display:inline-block}.elementor-widget-image a img[src$=\".svg\"]{width:48px}.elementor-widget-image img{vertical-align:middle;display:inline-block}<\/style>\t\t\t\t\t\t\t\t\t\t<img fetchpriority=\"high\" decoding=\"async\" width=\"691\" height=\"1024\" src=\"https:\/\/bcdn.axiainvestments.com\/wp-content\/uploads\/2023\/09\/registration-image-1-691x1024.png\" class=\"attachment-large size-large wp-image-8022\" alt=\"\" srcset=\"https:\/\/bcdn.axiainvestments.com\/wp-content\/uploads\/2023\/09\/registration-image-1-691x1024.png 691w, https:\/\/bcdn.axiainvestments.com\/wp-content\/uploads\/2023\/09\/registration-image-1-202x300.png 202w, https:\/\/bcdn.axiainvestments.com\/wp-content\/uploads\/2023\/09\/registration-image-1-768x1139.png 768w, https:\/\/bcdn.axiainvestments.com\/wp-content\/uploads\/2023\/09\/registration-image-1-1036x1536.png 1036w, https:\/\/bcdn.axiainvestments.com\/wp-content\/uploads\/2023\/09\/registration-image-1.png 1152w\" sizes=\"(max-width: 691px) 100vw, 691px\" \/>\t\t\t\t\t\t\t\t\t\t\t\t\t<\/div>\n\t\t\t\t<\/div>\n\t\t\t\t<\/div>\n\t\t<div class=\"elementor-element elementor-element-304020f e-con-full e-flex e-con e-child\" data-id=\"304020f\" data-element_type=\"container\">\n\t\t\t\t<div class=\"elementor-element elementor-element-8ad7fcc elementor-widget elementor-widget-heading\" data-id=\"8ad7fcc\" data-element_type=\"widget\" data-widget_type=\"heading.default\">\n\t\t\t\t<div class=\"elementor-widget-container\">\n\t\t\t<style>\/*! elementor - v3.21.0 - 08-05-2024 *\/\n.elementor-heading-title{padding:0;margin:0;line-height:1}.elementor-widget-heading .elementor-heading-title[class*=elementor-size-]>a{color:inherit;font-size:inherit;line-height:inherit}.elementor-widget-heading .elementor-heading-title.elementor-size-small{font-size:15px}.elementor-widget-heading .elementor-heading-title.elementor-size-medium{font-size:19px}.elementor-widget-heading .elementor-heading-title.elementor-size-large{font-size:29px}.elementor-widget-heading .elementor-heading-title.elementor-size-xl{font-size:39px}.elementor-widget-heading .elementor-heading-title.elementor-size-xxl{font-size:59px}<\/style><h2 class=\"elementor-heading-title elementor-size-default\">Abre tu cuenta con AxiaTrade!<\/h2>\t\t<\/div>\n\t\t\t\t<\/div>\n\t\t\t\t<div class=\"elementor-element elementor-element-3187e4e elementor-widget-tablet__width-inherit elementor-widget elementor-widget-heading\" data-id=\"3187e4e\" data-element_type=\"widget\" data-widget_type=\"heading.default\">\n\t\t\t\t<div class=\"elementor-widget-container\">\n\t\t\t<h2 class=\"elementor-heading-title elementor-size-default\">Disfrute de las ventajas de una plataforma galardonada y lleve sus operaciones al siguiente nivel!<\/h2>\t\t<\/div>\n\t\t\t\t<\/div>\n\t\t\t\t<div class=\"elementor-element elementor-element-3abf78d default-form elementor-widget-tablet__width-inherit elementor-widget elementor-widget-axiaRegistrationFormTemplate\" data-id=\"3abf78d\" data-element_type=\"widget\" data-widget_type=\"axiaRegistrationFormTemplate.default\">\n\t\t\t\t<div class=\"elementor-widget-container\">\n\t\t\t\n\t\t<div class=\"form-axia\">\n\n\t\t\t\n\t\t\t<div class=\"form-axia__top-images\">\n\t\t\t\t\t\t\t<\/div>\n\n\t\t\t<div class=\"form-axia__title\">\n\t\t\t\t<p><\/p>\n\t\t\t<\/div>\n\n\t\t\t<form autocomplete=\"off\" class=\"form-axia__form\" data-submit-form novalidate>\n\t\t\t\t<input type=\"hidden\" name=\"language\" value=\"es\">\n\t\t\t\t<input type=\"hidden\" name=\"ip\" value=\"\">\n\t\t\t\t<input type=\"hidden\" name=\"countryCode\" value=\"\">\n\n\t\t\t\t\n\t\t\t\t<div class=\"form-axia__group form-axia__group--full-name\">\n\t\t\t\t\t<div class=\"form-axia__group-input\">\n\t\t\t\t\t\t\t\t\t\t\t\t\t<input name=\"full_name\" maxlength=\"30\" autocomplete=\"off\" type=\"text\" pattern=\".{5,}\" required placeholder=\"Nombre completo\">\n\t\t\t\t\t\t\t\t\t\t\t<\/div>\n\t\t\t\t\t<span class=\"input-required__text--empty-field-full-name registration-form-error registration-form-error__required-empty-field\">\n\t\t\t\t\t\tPor favor, ingrese su nombre\t\t\t\t\t<\/span>\n\t\t\t\t\t<span class=\"input-required__text--name registration-form-error registration-form-error__required-text\">\n\t\t\t\t\t\tEl nombre y apellido deben tener al menos 2 caracteres cada uno\t\t\t\t\t<\/span>\n\t\t\t\t\t<span class=\"input-required__text--onlyletters registration-form-error registration-form-error__required-onlyletters\">\n\t\t\t\t\t\tEl nombre completo no debe contener caracteres especiales\t\t\t\t\t<\/span>\n\t\t\t\t\t<span class=\"input-required__text--special-chars registration-form-error registration-form-error__required-special-chars\">\n\t\t\t\t\t\tNo se permiten caracteres especiales\t\t\t\t\t<\/span>\n\t\t\t\t<\/div>\n\t\t\t\t<div class=\"form-axia__group form-axia__group--email\">\n\t\t\t\t\t<div class=\"form-axia__group-input\">\n\t\t\t\t\t\t\t\t\t\t\t\t\t<input name=\"email\" autocomplete=\"off\" required placeholder=\"Direcci\u00f3n de correo electr\u00f3nico\">\n\t\t\t\t\t\t\t\t\t\t\t<\/div>\n\t\t\t\t\t<span class=\"input-required__text--email registration-form-error registration-form-error__required-text\">\n\t\t\t\t\t\tPor favor, ingrese una direcci\u00f3n de correo electr\u00f3nico v\u00e1lida\t\t\t\t\t<\/span>\n\t\t\t\t\t<span class=\"input-required__text--special-chars-email registration-form-error registration-form-error__required-text\">\n\t\t\t\t\t\tSin caracteres especiales\t\t\t\t\t<\/span>\n\t\t\t\t<\/div>\n\t\t\t\t<div class=\"form-axia__group form-axia__group--phone\">\n\t\t\t\t\t<div class=\"form-axia__group-input\">\n\t\t\t\t\t\t\t\t\t\t\t\t\t<input id=\"form-field-phone\" class=\"registration__input\" type=\"tel\" name=\"phone\" maxlength=\"15\" autocomplete=\"off\" required placeholder=\"N\u00famero de tel\u00e9fono\">\n\t\t\t\t\t\t\t\t\t\t\t<\/div>\n\t\t\t\t\t<span class=\"input-required__text--phone registration-form-error registration-form-error__required-text\">\n\t\t\t\t\t\tEl campo de tel\u00e9fono est\u00e1 vac\u00edo. Por favor, ingrese un n\u00famero de tel\u00e9fono v\u00e1lido\t\t\t\t\t<\/span>\n\t\t\t\t\t<span class=\"input-required__text--phone registration-form-error registration-form-error__required-text\">\n\t\t\t\t\t\tEl campo de tel\u00e9fono est\u00e1 vac\u00edo. Por favor, ingrese un n\u00famero de tel\u00e9fono v\u00e1lido\t\t\t\t\t<\/span>\n\t\t\t\t<\/div>\n\t\t\t\t\t\t\t\t\t<div class=\"form-axia__group form-axia__group--password\">\n\t\t\t\t\t\t<div class=\"form-axia__group-input\">\n\t\t\t\t\t\t\t\t\t\t\t\t\t\t\t<input name=\"password\" type=\"password\" data-password-input required autocomplete=\"off\" placeholder=\"Contrase\u00f1a\">\n\t\t\t\t\t\t\t\n\t\t\t\t\t\t\t<div class=\"form-axia__show-password\"><\/div>\n\t\t\t\t\t\t<\/div>\n\t\t\t\t\t\t<span class=\"input-required__text--empty-field-password registration-form-error registration-form-error__required-empty-field-password\">\n\t\t\t\t\t\t\tPor favor, ingrese su contrase\u00f1a\t\t\t\t\t\t<\/span>\n\t\t\t\t\t\t<span class=\"input-required__text--max-character-12 registration-form-error registration-form-error__required-empty-field-password red\">\n\t\t\t\t\t\t\tEl l\u00edmite m\u00e1ximo de caracteres es 12\t\t\t\t\t\t<\/span>\n\t\t\t\t\t\t<span class=\"input-required__text--password registration-form-error registration-form-error__required-text\">\n\t\t\t\t\t\t\tLa contrase\u00f1a debe cumplir con los requisitos\t\t\t\t\t\t<\/span>\n\t\t\t\t\t\t<div class=\"block-popup-validate-password\">\n\t\t\t\t\t\t\t<div class=\"valid-password-title\">\n\t\t\t\t\t\t\t\tLa contrase\u00f1a debe contener:\t\t\t\t\t\t\t<\/div>\n\t\t\t\t\t\t\t<p id=\"length\">\n\t\t\t\t\t\t\t\tEntre 6 y 12 caracteres\t\t\t\t\t\t\t<\/p>\n\t\t\t\t\t\t\t<p id=\"letter\">\n\t\t\t\t\t\t\t\tUna combinaci\u00f3n de letras latinas (a-z), n\u00fameros (0-9) y al menos 1 letra may\u00fascula\t\t\t\t\t\t\t<\/p>\n\t\t\t\t\t\t\t<p id=\"onlyEnglishCharacters\">\n\t\t\t\t\t\t\t\tSin caracteres especiales\t\t\t\t\t\t\t<\/p>\n\t\t\t\t\t\t<\/div>\n\t\t\t\t\t<\/div>\n\t\t\t\t\t\t\t\t<span class=\"input-required__text--notuniqueemail error_field\">\n\t\t\t\t\tEl usuario ya existe. Por favor, inicie sesi\u00f3n.\t\t\t\t<\/span>\n\t\t\t\t<span class=\"input-required__text--error-service-unavailable error_field\">\n\t\t\t\t\t\t\t\t\t<\/span>\n\t\t\t\t<div class=\"form-axia__group\">\n\t\t\t\t\t<button type=\"submit\" class=\"form-axia__submit\">\n\t\t\t\t\t\t<span>\n\t\t\t\t\t\t\t\u00danete ahora\t\t\t\t\t\t<\/span>\n\t\t\t\t\t<\/button>\n\t\t\t\t\t<span class=\"registration-form-error registration-form-error__required-unexpected\">\n\t\t\t\t\t\tEl servicio no est\u00e1 disponible. Por favor, p\u00f3ngase en contacto con el Soporte\t\t\t\t\t<\/span>\n\t\t\t\t<\/div>\n\n        <div class=\"form-seekapa__group registration__form-group registration__captcha\">\n          <div class=\"cf-turnstile\" data-sitekey=\"0x4AAAAAABu2jCiwLLbndoZj\" data-theme=\"light\"><\/div>\n          <input type=\"hidden\" name=\"cf-turnstile-response\">\n          <div class=\"errors-group captcha-errors\">\n            <span class=\"input-required__text--captcha error_field\">Por favor, verifica que no eres un robot.<\/span>\n          <\/div>\n        <\/div>\n\n\t\t\t\t<div class=\"form-axia__group\">\n\t\t\t\t\t<div class=\"input-required__text--condition tooltip-wrapper registration-form-error registration-form-error__required-text\">\n\t\t\t\t\t\t<span class=\"tooltip\">\n\t\t\t\t\t\t\tAseg\u00farese de leer y aceptar los T\u00e9rminos y Condiciones antes de continuar\t\t\t\t\t\t<\/span>\n\t\t\t\t\t<\/div>\n\t\t\t\t\t<p class=\"form-axia__condition-wrapper\">\n\t\t\t\t\t\t<input type=\"checkbox\" name=\"condition\" checked class=\"registration-form-checkbox\" required \/>\n\t\t\t\t\t\tEl hecho de crear una cuenta se entender\u00e1 como su aceptaci\u00f3n de los <a href=\"https:\/\/bcdn.axiainvestments.com\/wp-content\/uploads\/2025\/01\/Axia-Client-Agreement-250114.pdf\">T\u00e9rminos y condiciones<\/a>, de la <a href=\"\/wp-content\/uploads\/2025\/04\/Privacy_Policy-23.4.2025.pdf\">Pol\u00edtica de privacidad<\/a> y de la recepci\u00f3n de materiales de marketing por correo electr\u00f3nico, opci\u00f3n que podr\u00e1 revocar en cualquier momento.\t\t\t\t\t<\/p>\n\t\t\t\t<\/div>\n\n\t\t\t\t<div class=\"form-axia__preloader\">\n\t\t\t\t\t<img loading=\"lazy\" decoding=\"async\" loading=\"lazy\" class=\"form-axia__preloader-img\" src=\"\/wp-content\/themes\/hello-elementor-child\/img\/preloader-form.gif\" alt=\"preloader\" width=\"24\" height=\"24\">\n\t\t\t\t<\/div>\n\n\t\t\t<\/form>\n\t\t<\/div>\n\n\t\t\n\t\t<\/div>\n\t\t\t\t<\/div>\n\t\t\t\t<div class=\"elementor-element elementor-element-b09f34f elementor-widget__width-auto elementor-widget elementor-widget-heading\" data-id=\"b09f34f\" data-element_type=\"widget\" data-widget_type=\"heading.default\">\n\t\t\t\t<div class=\"elementor-widget-container\">\n\t\t\t<h2 class=\"elementor-heading-title elementor-size-default\">Tiene usted una cuenta?<\/h2>\t\t<\/div>\n\t\t\t\t<\/div>\n\t\t\t\t<div class=\"elementor-element elementor-element-3be3b16 elementor-widget__width-auto elementor-widget elementor-widget-heading\" data-id=\"3be3b16\" data-element_type=\"widget\" data-widget_type=\"heading.default\">\n\t\t\t\t<div class=\"elementor-widget-container\">\n\t\t\t<h2 class=\"elementor-heading-title elementor-size-default\"><a href=\"#elementor-action%3Aaction%3Dpopup%3Aopen%26settings%3DeyJpZCI6NzU4OCwidG9nZ2xlIjpmYWxzZX0%3D\">Acceso<\/a><\/h2>\t\t<\/div>\n\t\t\t\t<\/div>\n\t\t\t\t<\/div>\n\t\t\t\t\t<\/div>\n\t\t\t\t<\/div>\n\t\t\t\t<\/div>\n\t\t","protected":false},"excerpt":{"rendered":"<p>Abre tu cuenta con AxiaTrade! Disfrute de las ventajas de una plataforma galardonada y lleve sus operaciones al siguiente nivel! Por favor, ingrese su nombre El nombre y apellido deben tener al menos 2 caracteres cada uno El nombre completo no debe contener caracteres especiales No se permiten caracteres especiales Por favor, ingrese una direcci\u00f3n <a class=\"read-more\" href=\"https:\/\/axiainvestments.com\/es\/registration\/\">[read more]<\/a><\/p>\n","protected":false},"author":3,"featured_media":0,"parent":0,"menu_order":0,"comment_status":"closed","ping_status":"closed","template":"elementor_header_footer","meta":{"footnotes":""},"class_list":["post-5303","page","type-page","status-publish","hentry"],"acf":[],"aioseo_notices":[],"_links":{"self":[{"href":"https:\/\/axiainvestments.com\/es\/wp-json\/wp\/v2\/pages\/5303","targetHints":{"allow":["GET"]}}],"collection":[{"href":"https:\/\/axiainvestments.com\/es\/wp-json\/wp\/v2\/pages"}],"about":[{"href":"https:\/\/axiainvestments.com\/es\/wp-json\/wp\/v2\/types\/page"}],"author":[{"embeddable":true,"href":"https:\/\/axiainvestments.com\/es\/wp-json\/wp\/v2\/users\/3"}],"replies":[{"embeddable":true,"href":"https:\/\/axiainvestments.com\/es\/wp-json\/wp\/v2\/comments?post=5303"}],"version-history":[{"count":0,"href":"https:\/\/axiainvestments.com\/es\/wp-json\/wp\/v2\/pages\/5303\/revisions"}],"wp:attachment":[{"href":"https:\/\/axiainvestments.com\/es\/wp-json\/wp\/v2\/media?parent=5303"}],"curies":[{"name":"wp","href":"https:\/\/api.w.org\/{rel}","templated":true}]}}